{"id":59,"date":"2019-12-27T09:04:35","date_gmt":"2019-12-27T08:04:35","guid":{"rendered":"https:\/\/bridge308.qodeinteractive.com\/?page_id=59"},"modified":"2026-04-13T16:36:04","modified_gmt":"2026-04-13T14:36:04","slug":"about","status":"publish","type":"page","link":"https:\/\/www.rart.xyz\/index.php\/about\/","title":{"rendered":"About"},"content":{"rendered":"\t\t<div data-elementor-type=\"wp-page\" data-elementor-id=\"59\" class=\"elementor elementor-59\" data-elementor-settings=\"[]\">\n\t\t\t<div class=\"elementor-inner\">\n\t\t\t\t<div class=\"elementor-section-wrap\">\n\t\t\t\t\t\t\t<section class=\"elementor-element elementor-element-d419b55 elementor-section-full_width elementor-section-height-default elementor-section-height-default parallax_section_no qode_elementor_container_no elementor-section elementor-top-section\" data-id=\"d419b55\" data-element_type=\"section\">\n\t\t\t\t\t\t<div class=\"elementor-container elementor-column-gap-default\">\n\t\t\t\t<div class=\"elementor-row\">\n\t\t\t\t<div class=\"elementor-element elementor-element-b41d3b1 elementor-column elementor-col-50 elementor-top-column\" data-id=\"b41d3b1\" data-element_type=\"column\">\n\t\t\t<div class=\"elementor-column-wrap  elementor-element-populated\">\n\t\t\t\t\t<div class=\"elementor-widget-wrap\">\n\t\t\t\t<div class=\"elementor-element elementor-element-9bd2fe0 elementor-widget elementor-widget-image\" data-id=\"9bd2fe0\" data-element_type=\"widget\" data-widget_type=\"image.default\">\n\t\t\t\t<div class=\"elementor-widget-container\">\n\t\t\t\t\t<div class=\"elementor-image\">\n\t\t\t\t\t\t\t\t\t\t<img decoding=\"async\" width=\"370\" height=\"557\" src=\"https:\/\/www.rart.xyz\/wp-content\/uploads\/2020\/08\/photo_adrien_ehrhardt.jpg\" class=\"attachment-full size-full\" alt=\"\" srcset=\"https:\/\/www.rart.xyz\/wp-content\/uploads\/2020\/08\/photo_adrien_ehrhardt.jpg 370w, https:\/\/www.rart.xyz\/wp-content\/uploads\/2020\/08\/photo_adrien_ehrhardt-199x300.jpg 199w\" sizes=\"(max-width: 370px) 100vw, 370px\" \/>\t\t\t\t\t\t\t\t\t\t\t<\/div>\n\t\t\t\t<\/div>\n\t\t\t\t<\/div>\n\t\t\t\t\t\t<\/div>\n\t\t\t<\/div>\n\t\t<\/div>\n\t\t\t\t<div class=\"elementor-element elementor-element-2cdd089 elementor-column elementor-col-50 elementor-top-column\" data-id=\"2cdd089\" data-element_type=\"column\">\n\t\t\t<div class=\"elementor-column-wrap  elementor-element-populated\">\n\t\t\t\t\t<div class=\"elementor-widget-wrap\">\n\t\t\t\t<div class=\"elementor-element elementor-element-d243141 elementor-widget elementor-widget-text-editor\" data-id=\"d243141\" data-element_type=\"widget\" data-widget_type=\"text-editor.default\">\n\t\t\t\t<div class=\"elementor-widget-container\">\n\t\t\t\t\t<div class=\"elementor-text-editor elementor-clearfix\"><h1>Adrien Ehrhardt<\/h1><\/div>\n\t\t\t\t<\/div>\n\t\t\t\t<\/div>\n\t\t\t\t<div class=\"elementor-element elementor-element-e005ad0 elementor-widget__width-auto elementor-widget elementor-widget-text-editor\" data-id=\"e005ad0\" data-element_type=\"widget\" data-widget_type=\"text-editor.default\">\n\t\t\t\t<div class=\"elementor-widget-container\">\n\t\t\t\t\t<div class=\"elementor-text-editor elementor-clearfix\"><h2>Artiste 3D<\/h2><\/div>\n\t\t\t\t<\/div>\n\t\t\t\t<\/div>\n\t\t\t\t<div class=\"elementor-element elementor-element-cd1cb6e elementor-widget elementor-widget-text-editor\" data-id=\"cd1cb6e\" data-element_type=\"widget\" data-widget_type=\"text-editor.default\">\n\t\t\t\t<div class=\"elementor-widget-container\">\n\t\t\t\t\t<div class=\"elementor-text-editor elementor-clearfix\"><\/div>\n\t\t\t\t<\/div>\n\t\t\t\t<\/div>\n\t\t\t\t<div class=\"elementor-element elementor-element-3ebb60e elementor-widget__width-auto elementor-widget elementor-widget-text-editor\" data-id=\"3ebb60e\" data-element_type=\"widget\" data-widget_type=\"text-editor.default\">\n\t\t\t\t<div class=\"elementor-widget-container\">\n\t\t\t\t\t<div class=\"elementor-text-editor elementor-clearfix\"><h3>PARIS\/METZ\/LUXEMBOURG<\/h3><\/div>\n\t\t\t\t<\/div>\n\t\t\t\t<\/div>\n\t\t\t\t<div class=\"elementor-element elementor-element-1be8534 elementor-widget elementor-widget-text-editor\" data-id=\"1be8534\" data-element_type=\"widget\" data-widget_type=\"text-editor.default\">\n\t\t\t\t<div class=\"elementor-widget-container\">\n\t\t\t\t\t<div class=\"elementor-text-editor elementor-clearfix\"><p><span style=\"color: #3d3d3d; font-family: 'Space Mono', monospace; font-size: 14px; text-align: justify; background-color: #ffffff;\">Passionn\u00e9 par l\u2019image et autodidacte depuis ses 13 ans, Adrien a \u00e9tudi\u00e9 la photographie puis l\u2019infographie 3D. Install\u00e9 \u00e0 Metz, il travaille sur des projets artistiques 3D pour des campagnes publicitaires dans les domaines de l\u2019automobile, du luxe et de l\u2019illustration. Ses sources d\u2019inspiration sont vari\u00e9es (culture web, jeux vid\u00e9os, science, nature,) et ses cr\u00e9ations traduisent cette diversit\u00e9 avec sophistication et rigueur pour un rendu tant\u00f4t cartoon tant\u00f4t illustratif qui oscille entre r\u00e9alisme et fantastique.<\/span><\/p><p><span style=\"color: #3d3d3d; font-family: 'Space Mono', monospace; font-size: 14px; text-align: justify; background-color: #ffffff;\">\u00a0<\/span><\/p><p><span style=\"color: #3d3d3d; font-family: 'Space Mono', monospace; font-size: 14px; text-align: justify; background-color: #ffffff;\"><strong>Clients :<\/strong> Amundi, Auchan, Carrefour, Dior, Escada, Ferdinand Berthoud, Fiat, Jaguar, McDonald&#8217;s, Michelin, Louis Moinet, Opel, SNCF, Trussardi.<\/span><\/p><p><span style=\"color: #3d3d3d; font-family: 'Space Mono', monospace; font-size: 14px; text-align: justify; background-color: #ffffff;\">\u00a0<\/span><\/p><p><span style=\"color: #3d3d3d; font-family: 'Space Mono', monospace; font-size: 14px; text-align: justify; background-color: #ffffff;\"><strong>Publication\/Edition :<\/strong> Aston Martin Magazine, Chronograph Magazine, Day &amp; Night, Les \u00c9chos du week-end, Le Monde, L&#8217;Obs, HighClass Magazine, JSH, Luxuriant Magazine, Odyssey Magazine Tel Aviv.<\/span><\/p><p><span style=\"color: #3d3d3d; font-family: 'Space Mono', monospace; font-size: 14px; text-align: justify; background-color: #ffffff;\">\u00a0<\/span><\/p><p><span style=\"color: #3d3d3d; font-family: 'Space Mono', monospace; font-size: 14px; text-align: justify; background-color: #ffffff;\"><strong>Expositions :<\/strong> Exposition AD Interieurs en 2014 (Paris), Gilles &amp; Boissier \u2013 Le bureau Oxymore #2 &#8211; Mus\u00e9e des arts d\u00e9coratifs (Paris), For Our Pleasure en 2012 &#8211; Hackney Picturehouse (Londres), Exposition Collective en 2012 &#8211; Maison de l\u2019Image Documentaire (S\u00e8te).<\/span><\/p><p><span style=\"color: #3d3d3d; font-family: 'Space Mono', monospace; font-size: 14px; text-align: justify; background-color: #ffffff;\">\u00a0<\/span><\/p><p><span style=\"color: #3d3d3d; font-family: 'Space Mono', monospace; font-size: 14px; text-align: justify; background-color: #ffffff;\">Repr\u00e9sent\u00e9 par Repr\u00e9sent\u00e9 par <a href=\"https:\/\/votalentsagency.com\/\">VO Talents Agency<\/a><\/span><\/p><\/div>\n\t\t\t\t<\/div>\n\t\t\t\t<\/div>\n\t\t\t\t\t\t<\/div>\n\t\t\t<\/div>\n\t\t<\/div>\n\t\t\t\t\t\t<\/div>\n\t\t\t<\/div>\n\t\t<\/section>\n\t\t\t\t\t\t<\/div>\n\t\t\t<\/div>\n\t\t<\/div>\n\t\t","protected":false},"excerpt":{"rendered":"<p>Adrien Ehrhardt Artiste 3D PARIS\/METZ\/LUXEMBOURG Passionn\u00e9 par l\u2019image et autodidacte depuis ses 13 ans, Adrien a \u00e9tudi\u00e9 la photographie puis l\u2019infographie 3D. Install\u00e9 \u00e0 Metz, il travaille sur des projets artistiques 3D pour des campagnes publicitaires dans les domaines de l\u2019automobile, du luxe et de&#8230;<\/p>\n","protected":false},"author":1,"featured_media":0,"parent":0,"menu_order":0,"comment_status":"closed","ping_status":"closed","template":"full_width.php","meta":{"footnotes":""},"class_list":["post-59","page","type-page","status-publish","hentry"],"_links":{"self":[{"href":"https:\/\/www.rart.xyz\/index.php\/wp-json\/wp\/v2\/pages\/59","targetHints":{"allow":["GET"]}}],"collection":[{"href":"https:\/\/www.rart.xyz\/index.php\/wp-json\/wp\/v2\/pages"}],"about":[{"href":"https:\/\/www.rart.xyz\/index.php\/wp-json\/wp\/v2\/types\/page"}],"author":[{"embeddable":true,"href":"https:\/\/www.rart.xyz\/index.php\/wp-json\/wp\/v2\/users\/1"}],"replies":[{"embeddable":true,"href":"https:\/\/www.rart.xyz\/index.php\/wp-json\/wp\/v2\/comments?post=59"}],"version-history":[{"count":29,"href":"https:\/\/www.rart.xyz\/index.php\/wp-json\/wp\/v2\/pages\/59\/revisions"}],"predecessor-version":[{"id":7389,"href":"https:\/\/www.rart.xyz\/index.php\/wp-json\/wp\/v2\/pages\/59\/revisions\/7389"}],"wp:attachment":[{"href":"https:\/\/www.rart.xyz\/index.php\/wp-json\/wp\/v2\/media?parent=59"}],"curies":[{"name":"wp","href":"https:\/\/api.w.org\/{rel}","templated":true}]}}